{"id":60,"date":"2016-06-14T01:43:48","date_gmt":"2016-06-14T01:43:48","guid":{"rendered":"http:\/\/sw-themes.com\/porto_dummy\/?page_id=60"},"modified":"2025-07-31T17:11:08","modified_gmt":"2025-07-31T17:11:08","slug":"quienes-somos","status":"publish","type":"page","link":"https:\/\/valorambiental.cl\/nueva\/quienes-somos\/","title":{"rendered":"Qui\u00e9nes somos"},"content":{"rendered":"<p>[vc_row is_section=&#8221;yes&#8221; section_skin=&#8221;parallax&#8221; remove_margin_top=&#8221;yes&#8221; remove_margin_bottom=&#8221;yes&#8221; remove_border=&#8221;yes&#8221;][vc_column width=&#8221;5\/12&#8243; el_class=&#8221;order-md-2&#8243;][vc_single_image image=&#8221;3045&#8243; img_size=&#8221;full&#8221; animation_delay=&#8221;100&#8243; animation_type=&#8221;fadeInRight&#8221; el_class=&#8221;mb-4&#8243;]<div class=\"porto-u-heading\" data-hspacer=\"no_spacer\" data-halign=\"left\" style=\"text-align:left\" data-appear-animation=\"maskUp\" data-appear-animation-delay=\"300\"><div class=\"porto-u-main-heading\"><h2 style=\"font-weight:700;font-size:32px;\">Marcela Miranda Pizarro<\/h2><\/div><div class=\"porto-u-sub-heading\" style=\"font-weight:700;color: #704c22;font-size:14px;\">\n<p class=\"text-uppercase\">Directora Ejecutiva<\/p>\n<div id=\"gtx-trans\" style=\"position: absolute; left: 75px; top: 38px;\">\n<div class=\"gtx-trans-icon\"><\/div>\n<\/div>\n<p><\/div><\/div>[\/vc_column][vc_column width=&#8221;7\/12&#8243;][vc_column_text css_animation=&#8221;fadeInUp&#8221;]<\/p>\n<p class=\"lead\"><span style=\"color: #3c3c3b;\"><b>Socios en el cumplimiento de sus compromisos ambientales<\/b><\/span><\/p>\n<p style=\"text-align: justify;\">Trabajamos desde el a\u00f1o 2010 para dar respuesta r\u00e1pida y eficiente a la creciente demanda de servicios de gesti\u00f3n ambiental para empresas del Norte de Chile.<\/p>\n<p style=\"text-align: justify;\">Nos comprometemos con los desaf\u00edos que enfrentan nuestros clientes y entregamos nuestra experiencia para apoyarlos en el cumplimiento de sus obligaciones medioambientales con el objetivo de impulsar un desarrollo productivo sustentable en el tiempo. Esta es la convicci\u00f3n e inspiraci\u00f3n que gu\u00eda el quehacer de Valor Ambiental \u00ae.<\/p>\n<p style=\"text-align: justify;\">Nuestra trayectoria nos permite suministrar el soporte t\u00e9cnico necesario para mejorar y dar seguimiento a los \u00edndices de desempe\u00f1o medioambiental, planificar acciones preventivas ante riesgos ambientales, preservar ecosistemas cercanos a operaciones industriales y fomentar el manejo eficiente del agua y la energ\u00eda.<\/p>\n<p>[\/vc_column_text][vc_separator color=&#8221;custom&#8221; css_animation=&#8221;fadeInUp&#8221; style=&#8221;solid&#8221; gap=&#8221;tall&#8221; accent_color=&#8221;rgba(0,0,0,0.06)&#8221;][vc_column_text css_animation=&#8221;fadeInUp&#8221;]<\/p>\n<p style=\"text-align: justify;\"><em>Junto con esta labor, estamos orgullosos de impulsar un desarrollo sostenible desde Fundaci\u00f3n Alter Eco, creada al alero de nuestra empresa Valor Ambiental y que nos permite aportar a la comunidad por medio de la ejecuci\u00f3n de proyectos para la preservaci\u00f3n de recursos naturales y cuidado del medio ambiente<\/em><\/p>\n<p>[\/vc_column_text][vc_btn title=&#8221;Conoce m\u00e1s&#8221; style=&#8221;outline&#8221; shape=&#8221;rounded&#8221; color=&#8221;green&#8221; size=&#8221;sm&#8221; i_icon_fontawesome=&#8221;fas fa-leaf&#8221; skin=&#8221;tertiary&#8221; add_icon=&#8221;true&#8221; el_class=&#8221;mr-1&#8243; link=&#8221;url:http%3A%2F%2Fwww.altereco.cl%2F||target:%20_blank|&#8221;][vc_row_inner animation_delay=&#8221;500&#8243; animation_type=&#8221;fadeInUp&#8221;][vc_column_inner offset=&#8221;vc_col-md-6&#8243;][\/vc_column_inner][\/vc_row_inner][\/vc_column][\/vc_row][vc_row full_width=&#8221;stretch_row&#8221; is_section=&#8221;yes&#8221; remove_margin_top=&#8221;yes&#8221; remove_margin_bottom=&#8221;yes&#8221; remove_border=&#8221;yes&#8221; el_class=&#8221;p-t-xxl p-b-lg&#8221;][vc_column width=&#8221;1\/3&#8243; animation_delay=&#8221;1600&#8243; animation_type=&#8221;fadeInLeft&#8221;]<div class=\"porto-sicon-box text-left style_1 top-icon\"><div class=\"porto-sicon-top\"><div id=\"porto-icon-101359720169ff3584e52a5\" class=\"porto-just-icon-wrapper\" style=\"text-align:center;\"><div class=\"porto-icon none\" style=\"color:#704c22;font-size:50px;display:inline-block;\"><i class=\"Simple-Line-Icons-trophy\"><\/i><\/div><\/div><\/div><div class=\"porto-sicon-header\" ><h4 class=\"porto-sicon-title\" style=\"font-weight:700;font-size:18.2px;line-height:32px;\">Misi\u00f3n<\/h4><p>Desarrollar e implementar soluciones que permitan dar Valor Ambiental a los procesos y sustentabilidad a la Industria Nacional, a trav\u00e9s de un equipo de profesionales calificados y comprometidos con la elaboraci\u00f3n de productos y servicios de calidad.<\/p><\/div> <!-- header --><\/div><!-- porto-sicon-box -->[\/vc_column][vc_column width=&#8221;1\/3&#8243; animation_delay=&#8221;1400&#8243; animation_type=&#8221;fadeInLeft&#8221;]<div class=\"porto-sicon-box text-left style_1 top-icon\"><div class=\"porto-sicon-top\"><div id=\"porto-icon-2130764269ff3584e55d7\" class=\"porto-just-icon-wrapper\" style=\"text-align:center;\"><div class=\"porto-icon none\" style=\"color:#6bb52f;font-size:50px;display:inline-block;\"><i class=\"Simple-Line-Icons-eye\"><\/i><\/div><\/div><\/div><div class=\"porto-sicon-header\" ><h4 class=\"porto-sicon-title\" style=\"font-weight:700;font-size:18.2px;line-height:32px;\">Visi\u00f3n<\/h4><p>Ser un referente en Asesor\u00edas Ambientales, incorporando valor agregado a nuestro servicio, a trav\u00e9s de tecnolog\u00edas de la informaci\u00f3n, que permita la transparencia y acceso a la informaci\u00f3n para la toma de decisiones de manera oportuna y pertinente.<\/p><\/div> <!-- header --><\/div><!-- porto-sicon-box -->[\/vc_column][vc_column width=&#8221;1\/3&#8243; animation_delay=&#8221;1400&#8243; animation_type=&#8221;fadeInRight&#8221;]<div class=\"porto-sicon-box text-left style_1 top-icon\"><div class=\"porto-sicon-top\"><div id=\"porto-icon-133047740969ff3584e58c6\" class=\"porto-just-icon-wrapper\" style=\"text-align:center;\"><div class=\"porto-icon none\" style=\"color:#ed6e04;font-size:50px;display:inline-block;\"><i class=\"Simple-Line-Icons-magnifier\"><\/i><\/div><\/div><\/div><div class=\"porto-sicon-header\" ><h4 class=\"porto-sicon-title\" style=\"font-weight:700;font-size:18.2px;line-height:32px;\">Valores<\/h4><\/div> <!-- header --><div class=\"porto-sicon-description\" style=\"\">\n<ul>\n<li>Confianza<\/li>\n<li>Transparencia<\/li>\n<li>Respeto de las normas y el Medio Ambiente<\/li>\n<\/ul>\n<p><\/div> <!-- description --><\/div><!-- porto-sicon-box -->[\/vc_column][\/vc_row][vc_row full_width=&#8221;stretch_row&#8221; css=&#8221;.vc_custom_1601398940792{padding-top: 60px !important;padding-bottom: 60px !important;}&#8221;][vc_column][vc_custom_heading text=&#8221;Nuestra historia&#8221; font_container=&#8221;tag:h2|font_size:25|text_align:center|color:%233c3c3b&#8221; use_theme_fonts=&#8221;yes&#8221; font_weight=&#8221;400&#8243; css_animation=&#8221;fadeInUp&#8221; el_class=&#8221;m-b-none&#8221; animation_type=&#8221;fadeIn&#8221;][vc_empty_space]<section class=\"timeline\"><div class=\"timeline-body\"><div class=\"timeline-date\"><h3 class=\"time-text font-weight-bold font-size-sm\">2010<\/h3><\/div><article class=\"timeline-box left\"><div><h4 class=\"timeline-item-title\">Nace Valor Ambiental \u00ae<\/h4><div class=\"timeline-item-content\">\n<p style=\"text-align: justify;\"><span style=\"font-weight: 400;\">En noviembre se concreta la formalizaci\u00f3n de los servicios prestados en materia de asesor\u00eda ambiental, y con ello se da inicio a la estandarizaci\u00f3n de procesos y principales actividades de VA, que culminar\u00e1 con la certificaci\u00f3n de la norma ISO 9001\/2008 a principios del 2012.<\/span><\/p>\n<p><\/div><\/div><\/article><div class=\"timeline-date\"><h3 class=\"time-text font-weight-bold font-size-sm\">2012<\/h3><\/div><article class=\"timeline-box right\"><div><h4 class=\"timeline-item-title\">Los primeros grandes pasos<\/h4><div class=\"timeline-item-content\">\n<p style=\"text-align: justify;\"><span style=\"font-weight: 400;\">Durante ese a\u00f1o logramos adjudicarnos contratos trascendentales para la sostenibilidad de la empresa, iniciando as\u00ed un proceso de crecimiento arm\u00f3nico, que da las base de lo que ser\u00e1 el futuro de VA<\/span><\/p>\n<p><\/div><\/div><\/article><div class=\"timeline-date\"><h3 class=\"time-text font-weight-bold font-size-sm\">2014<\/h3><\/div><article class=\"timeline-box left\"><div><h4 class=\"timeline-item-title\">Creaci\u00f3n de la Fundaci\u00f3n ALTERECO<\/h4><div class=\"timeline-item-content\">\n<p style=\"text-align: justify;\"><span style=\"font-weight: 400;\">La convicci\u00f3n de que las empresas no s\u00f3lo son generadoras de empleo y riqueza, sino que deben contribuir a la sociedad en la cual se encuentran insertas, nos lleva a crear la Fundaci\u00f3n Alter Eco, donde canalizamos nuestras acciones de responsabilidad social.<\/span><\/p>\n<p><\/div><\/div><\/article><div class=\"timeline-date\"><h3 class=\"time-text font-weight-bold font-size-sm\">2015<\/h3><\/div><article class=\"timeline-box right\"><div><h4 class=\"timeline-item-title\">Cimentando el futuro - Oficina propia<\/h4><div class=\"timeline-item-content\">\n<p style=\"text-align: justify;\"><span style=\"font-weight: 400;\">Este a\u00f1o dimos un gran paso, y nos cambiamos a nuestra propia oficina, espacios amplios, c\u00e1lidos, luminosos, donde la comodidad e interacci\u00f3n entre las \u00e1reas facilita el desarrollo eficiente de nuestros servicios y proyectos multidisciplinario, permitiendo a la vez contar con lugares de encuentro para nuestro equipo, aliados, colaboradores y clientes.<\/span><\/p>\n<p><\/div><\/div><\/article><div class=\"timeline-date\"><h3 class=\"time-text font-weight-bold font-size-sm\">2017<\/h3><\/div><article class=\"timeline-box left\"><div><h4 class=\"timeline-item-title\">Foco en la innovaci\u00f3n<\/h4><div class=\"timeline-item-content\">\n<p style=\"text-align: justify;\"><span style=\"font-weight: 400;\">Comenzamos desarrollando nuevas habilidades dentro de nuestra organizaci\u00f3n, pasando de la elaboraci\u00f3n de planimetr\u00edas a la modelaci\u00f3n de proyectos, lo que en conjunto con la incorporaci\u00f3n del Sistema BIM 360, Arcgis y otras herramientas, como Drones para los levantamientos, nos permiti\u00f3 generar un novedoso sistema de visualizaci\u00f3n de faenas, instalaciones, redes y sus permisos sectoriales.<\/span><\/p>\n<p><\/div><\/div><\/article><div class=\"timeline-date\"><h3 class=\"time-text font-weight-bold font-size-sm\">2019<\/h3><\/div><article class=\"timeline-box right\"><div><h4 class=\"timeline-item-title\">Consolidaci\u00f3n<\/h4><div class=\"timeline-item-content\">\n<p style=\"text-align: justify;\"><span style=\"font-weight: 400;\">Este a\u00f1o ha sido el comienzo de la consolidaci\u00f3n, en donde hemos dado otro importante paso accionando distintos planes para el crecimiento de la empresa, lo que ha permitido:<\/span><\/p>\n<p style=\"text-align: justify;\"><span style=\"font-weight: 400;\">El desarrollo de nuevos servicios, vinculaci\u00f3n con nuevos clientes y fidelizaci\u00f3n de los ya existentes; la presencia en nuevas regiones; la generaci\u00f3n de alianzas estrat\u00e9gicas con grandes empresas; comienzo de la instauraci\u00f3n de la cultura de la innovaci\u00f3n en la organizaci\u00f3n y el desarrollo de una cartera proyectos del \u00e1rea; crecimiento del equipo de oficina y en terreno; ampliaci\u00f3n de nuestras instalaciones y nuevos ejes estrat\u00e9gicos entre otros.<\/span><\/p>\n<p><\/div><\/div><\/article><\/div><\/section>[\/vc_column][\/vc_row][vc_row full_width=&#8221;stretch_row&#8221; el_class=&#8221;pt-5&#8243; css=&#8221;.vc_custom_1601399311952{background-color: #f4f4f4 !important;}&#8221;][vc_column][vc_row_inner el_class=&#8221;overflow-hidden&#8221;][vc_column_inner][vc_custom_heading text=&#8221;Nuestro Equipo T\u00e9cnico&#8221; font_container=&#8221;tag:h2|font_size:25|text_align:left|color:%233c3c3b&#8221; use_theme_fonts=&#8221;yes&#8221; font_weight=&#8221;400&#8243; css_animation=&#8221;fadeInUp&#8221; el_class=&#8221;m-b-none&#8221; animation_type=&#8221;fadeIn&#8221;][vc_empty_space][\/vc_column_inner][\/vc_row_inner][vc_row_inner el_class=&#8221;overflow-hidden&#8221;][vc_column_inner width=&#8221;1\/2&#8243; animation_type=&#8221;fadeInLeftBig&#8221;][vc_single_image image=&#8221;3513&#8243; img_size=&#8221;full&#8221; alignment=&#8221;center&#8221;][\/vc_column_inner][vc_column_inner width=&#8221;1\/2&#8243; animation_type=&#8221;fadeInRightBig&#8221;][vc_column_text]<\/p>\n<p style=\"text-align: justify;\"><b>El equipo de Valor Ambiental<\/b>\u00a0est\u00e1 integrado por ingenieros ambientales, ingenieros en obras civiles, ingenieros industriales, ingenieros mec\u00e1nicos, arquitectos, dibujantes y otros profesionales que prestan apoyo a la gesti\u00f3n de nuestros proyectos. Todos ellos comprometidos con la calidad, la seguridad y la innovaci\u00f3n.<\/p>\n<p style=\"text-align: justify;\">Priorizamos en nuestro equipo a profesionales de la Regi\u00f3n de Coquimbo, porque creemos en la importancia de aportar al desarrollo a partir del talento local. Junto con ello, hemos logrado cerrar brechas de g\u00e9nero en relaci\u00f3n a porcentaje de participaci\u00f3n y condiciones laborales.<\/p>\n<p>[\/vc_column_text][\/vc_column_inner][\/vc_row_inner][\/vc_column][\/vc_row][vc_row][vc_column][vc_custom_heading text=&#8221;Directorio&#8221; font_container=&#8221;tag:h2|font_size:25|text_align:center|color:%233c3c3b&#8221; use_theme_fonts=&#8221;yes&#8221; font_weight=&#8221;400&#8243; css_animation=&#8221;fadeInUp&#8221; el_class=&#8221;m-b-none&#8221; animation_type=&#8221;fadeIn&#8221;][vc_empty_space]<div class=\"porto-members porto-memberse9475500a1c785c632252a704b2e35bb wpb_content_element \">\n\t<div class=\"page-members clearfix \">\n\n\t\t\n\t\t\n\t\t\t\t\t<div class=\"member-row row ccols-sm-2 ccols-md-3 ccols-xl-4 ccols-1\">\n\t\t\t\n\t\t<article class=\"member directorio post-3233 type-member status-publish has-post-thumbnail hentry member_cat-directorio\">\n\t\t\t<span class=\"entry-title\" style=\"display: none;\">Marcela Miranda<\/span><span class=\"vcard\" style=\"display: none;\"><span class=\"fn\"><a href=\"https:\/\/valorambiental.cl\/nueva\/author\/adminsiteva\/\" title=\"Entradas de Valor Ambiental \u00ae\" rel=\"author\">Valor Ambiental \u00ae<\/a><\/span><\/span><span class=\"updated\" style=\"display:none\">2021-01-22T13:06:57+00:00<\/span>\t\t\t<div class=\"member-item \">\n\t\t\t\t<span class=\"thumb-info thumb-info-hide-wrapper-bg thumb-info-no-zoom\">\n\n\t\t\t\t\t<span class=\"thumb-info-wrapper \">\n\t\t\t\t\t\t\t\t\t\t\t\t<span class=\"thumb-member-container \">\n\t\t\t\t\t\t\t<a class=\"text-decoration-none member-image\" href=\"https:\/\/valorambiental.cl\/nueva\/member\/marcela-miranda\/\" data-ajax-on-modal>\n\t\t\t\t\t\t\t<img class=\"img-responsive\" width=\"367\" height=\"367\" src=\"https:\/\/valorambiental.cl\/nueva\/wp-content\/uploads\/2020\/09\/XS0A3238-367x367.jpg\" alt=\"\" \/>\n\t\t\t\t\t\t\t<\/a>\n\n\t\t\t\t\t\t\t\t\t\t\t\t\t<\/span>\n\t\t\t\t\t\t<a class=\"text-decoration-none member-info-container\" href=\"https:\/\/valorambiental.cl\/nueva\/member\/marcela-miranda\/\" data-ajax-on-modal>\n\t\t\t\t\t\t\t\t\t\t\t\t\t\t<span class=\"thumb-info-title\">\n\t\t\t\t\t\t\t\t<span class=\"thumb-info-inner\">Marcela Miranda<\/span>\n\t\t\t\t\t\t\t\t\t\t\t\t\t\t\t\t\t<span class=\"thumb-info-type\">Directora Ejecutiva<\/span>\n\t\t\t\t\t\t\t\t\t\t\t\t\t\t\t<\/span>\n\t\t\t\t\t\t\t\t\t\t\t\t\t\t\t\t\t\t\t\t<\/a>\n\t\t\t\t\t<\/span>\n\t\t\t\t\t<!--Thumb info wrapper end-->\n\t\t\t\t\t<!--Thumb info container -->\n\t\t\t\t\t<span class=\"thumb-info-container\"> \n\t\t\t\t\t\t<a class=\"text-decoration-none member-info-container\" href=\"https:\/\/valorambiental.cl\/nueva\/member\/marcela-miranda\/\" data-ajax-on-modal>\n\t\t\t\t\t\t\t\t\t\t\t\t\t\t\t\t\t\t<\/a>\n\n\t\t\t\t\t\t\t\t\t\t\t\t\t\t\t\t\t<\/span>\n\t\t\t\t<\/span>\n\t\t\t<\/div>\n\t\t<\/article>\n\t\t\n\t\t<article class=\"member directorio post-3234 type-member status-publish has-post-thumbnail hentry member_cat-directorio\">\n\t\t\t<span class=\"entry-title\" style=\"display: none;\">Roberto Camargo<\/span><span class=\"vcard\" style=\"display: none;\"><span class=\"fn\"><a href=\"https:\/\/valorambiental.cl\/nueva\/author\/adminsiteva\/\" title=\"Entradas de Valor Ambiental \u00ae\" rel=\"author\">Valor Ambiental \u00ae<\/a><\/span><\/span><span class=\"updated\" style=\"display:none\">2021-01-22T13:08:22+00:00<\/span>\t\t\t<div class=\"member-item \">\n\t\t\t\t<span class=\"thumb-info thumb-info-hide-wrapper-bg thumb-info-no-zoom\">\n\n\t\t\t\t\t<span class=\"thumb-info-wrapper \">\n\t\t\t\t\t\t\t\t\t\t\t\t<span class=\"thumb-member-container \">\n\t\t\t\t\t\t\t<a class=\"text-decoration-none member-image\" href=\"https:\/\/valorambiental.cl\/nueva\/member\/roberto-camargo\/\" data-ajax-on-modal>\n\t\t\t\t\t\t\t<img class=\"img-responsive\" width=\"367\" height=\"367\" src=\"https:\/\/valorambiental.cl\/nueva\/wp-content\/uploads\/2020\/09\/XS0A3241-367x367.jpg\" alt=\"\" \/>\n\t\t\t\t\t\t\t<\/a>\n\n\t\t\t\t\t\t\t\t\t\t\t\t\t<\/span>\n\t\t\t\t\t\t<a class=\"text-decoration-none member-info-container\" href=\"https:\/\/valorambiental.cl\/nueva\/member\/roberto-camargo\/\" data-ajax-on-modal>\n\t\t\t\t\t\t\t\t\t\t\t\t\t\t<span class=\"thumb-info-title\">\n\t\t\t\t\t\t\t\t<span class=\"thumb-info-inner\">Roberto Camargo<\/span>\n\t\t\t\t\t\t\t\t\t\t\t\t\t\t\t\t\t<span class=\"thumb-info-type\">Gerente T\u00e9cnico<\/span>\n\t\t\t\t\t\t\t\t\t\t\t\t\t\t\t<\/span>\n\t\t\t\t\t\t\t\t\t\t\t\t\t\t\t\t\t\t\t\t<\/a>\n\t\t\t\t\t<\/span>\n\t\t\t\t\t<!--Thumb info wrapper end-->\n\t\t\t\t\t<!--Thumb info container -->\n\t\t\t\t\t<span class=\"thumb-info-container\"> \n\t\t\t\t\t\t<a class=\"text-decoration-none member-info-container\" href=\"https:\/\/valorambiental.cl\/nueva\/member\/roberto-camargo\/\" data-ajax-on-modal>\n\t\t\t\t\t\t\t\t\t\t\t\t\t\t\t\t\t\t<\/a>\n\n\t\t\t\t\t\t\t\t\t\t\t\t\t\t\t\t\t<\/span>\n\t\t\t\t<\/span>\n\t\t\t<\/div>\n\t\t<\/article>\n\t\t\n\t\t<article class=\"member directorio post-3235 type-member status-publish has-post-thumbnail hentry member_cat-directorio\">\n\t\t\t<span class=\"entry-title\" style=\"display: none;\">Paola O\u00f1ate<\/span><span class=\"vcard\" style=\"display: none;\"><span class=\"fn\"><a href=\"https:\/\/valorambiental.cl\/nueva\/author\/adminsiteva\/\" title=\"Entradas de Valor Ambiental \u00ae\" rel=\"author\">Valor Ambiental \u00ae<\/a><\/span><\/span><span class=\"updated\" style=\"display:none\">2021-01-22T14:01:35+00:00<\/span>\t\t\t<div class=\"member-item \">\n\t\t\t\t<span class=\"thumb-info thumb-info-hide-wrapper-bg thumb-info-no-zoom\">\n\n\t\t\t\t\t<span class=\"thumb-info-wrapper \">\n\t\t\t\t\t\t\t\t\t\t\t\t<span class=\"thumb-member-container \">\n\t\t\t\t\t\t\t<a class=\"text-decoration-none member-image\" href=\"https:\/\/valorambiental.cl\/nueva\/member\/paola-onate\/\" data-ajax-on-modal>\n\t\t\t\t\t\t\t<img class=\"img-responsive\" width=\"367\" height=\"367\" src=\"https:\/\/valorambiental.cl\/nueva\/wp-content\/uploads\/2020\/09\/XS0A3152-367x367.jpg\" alt=\"\" \/>\n\t\t\t\t\t\t\t<\/a>\n\n\t\t\t\t\t\t\t\t\t\t\t\t\t<\/span>\n\t\t\t\t\t\t<a class=\"text-decoration-none member-info-container\" href=\"https:\/\/valorambiental.cl\/nueva\/member\/paola-onate\/\" data-ajax-on-modal>\n\t\t\t\t\t\t\t\t\t\t\t\t\t\t<span class=\"thumb-info-title\">\n\t\t\t\t\t\t\t\t<span class=\"thumb-info-inner\">Paola O\u00f1ate<\/span>\n\t\t\t\t\t\t\t\t\t\t\t\t\t\t\t\t\t<span class=\"thumb-info-type\">Gerenta de Finanzas<\/span>\n\t\t\t\t\t\t\t\t\t\t\t\t\t\t\t<\/span>\n\t\t\t\t\t\t\t\t\t\t\t\t\t\t\t\t\t\t\t\t<\/a>\n\t\t\t\t\t<\/span>\n\t\t\t\t\t<!--Thumb info wrapper end-->\n\t\t\t\t\t<!--Thumb info container -->\n\t\t\t\t\t<span class=\"thumb-info-container\"> \n\t\t\t\t\t\t<a class=\"text-decoration-none member-info-container\" href=\"https:\/\/valorambiental.cl\/nueva\/member\/paola-onate\/\" data-ajax-on-modal>\n\t\t\t\t\t\t\t\t\t\t\t\t\t\t\t\t\t\t<\/a>\n\n\t\t\t\t\t\t\t\t\t\t\t\t\t\t\t\t\t<\/span>\n\t\t\t\t<\/span>\n\t\t\t<\/div>\n\t\t<\/article>\n\t\t\n\t\t<article class=\"member directorio post-3237 type-member status-publish has-post-thumbnail hentry member_cat-directorio\">\n\t\t\t<span class=\"entry-title\" style=\"display: none;\">Francisca Nu\u00f1ez<\/span><span class=\"vcard\" style=\"display: none;\"><span class=\"fn\"><a href=\"https:\/\/valorambiental.cl\/nueva\/author\/adminsiteva\/\" title=\"Entradas de Valor Ambiental \u00ae\" rel=\"author\">Valor Ambiental \u00ae<\/a><\/span><\/span><span class=\"updated\" style=\"display:none\">2021-01-22T14:05:30+00:00<\/span>\t\t\t<div class=\"member-item \">\n\t\t\t\t<span class=\"thumb-info thumb-info-hide-wrapper-bg thumb-info-no-zoom\">\n\n\t\t\t\t\t<span class=\"thumb-info-wrapper \">\n\t\t\t\t\t\t\t\t\t\t\t\t<span class=\"thumb-member-container \">\n\t\t\t\t\t\t\t<a class=\"text-decoration-none member-image\" href=\"https:\/\/valorambiental.cl\/nueva\/member\/francisca-nunez\/\" data-ajax-on-modal>\n\t\t\t\t\t\t\t<img class=\"img-responsive\" width=\"367\" height=\"367\" src=\"https:\/\/valorambiental.cl\/nueva\/wp-content\/uploads\/2020\/09\/XS0A3168-367x367.jpg\" alt=\"\" \/>\n\t\t\t\t\t\t\t<\/a>\n\n\t\t\t\t\t\t\t\t\t\t\t\t\t<\/span>\n\t\t\t\t\t\t<a class=\"text-decoration-none member-info-container\" href=\"https:\/\/valorambiental.cl\/nueva\/member\/francisca-nunez\/\" data-ajax-on-modal>\n\t\t\t\t\t\t\t\t\t\t\t\t\t\t<span class=\"thumb-info-title\">\n\t\t\t\t\t\t\t\t<span class=\"thumb-info-inner\">Francisca Nu\u00f1ez<\/span>\n\t\t\t\t\t\t\t\t\t\t\t\t\t\t\t\t\t<span class=\"thumb-info-type\">Planificaci\u00f3n y Control <\/span>\n\t\t\t\t\t\t\t\t\t\t\t\t\t\t\t<\/span>\n\t\t\t\t\t\t\t\t\t\t\t\t\t\t\t\t\t\t\t\t<\/a>\n\t\t\t\t\t<\/span>\n\t\t\t\t\t<!--Thumb info wrapper end-->\n\t\t\t\t\t<!--Thumb info container -->\n\t\t\t\t\t<span class=\"thumb-info-container\"> \n\t\t\t\t\t\t<a class=\"text-decoration-none member-info-container\" href=\"https:\/\/valorambiental.cl\/nueva\/member\/francisca-nunez\/\" data-ajax-on-modal>\n\t\t\t\t\t\t\t\t\t\t\t\t\t\t\t\t\t\t<\/a>\n\n\t\t\t\t\t\t\t\t\t\t\t\t\t\t\t\t\t<\/span>\n\t\t\t\t<\/span>\n\t\t\t<\/div>\n\t\t<\/article>\n\t\t\t\t\t<\/div>\n\t\t\n\t\t\n\t<\/div>\n\n\t\n\t<\/div>[\/vc_column][\/vc_row][vc_row full_width=&#8221;stretch_row&#8221; remove_margin_top=&#8221;yes&#8221; remove_margin_bottom=&#8221;yes&#8221; remove_padding_top=&#8221;yes&#8221; remove_padding_bottom=&#8221;yes&#8221; css=&#8221;.vc_custom_1602869250613{background-color: #3c3c3b !important;}&#8221;][vc_column remove_margin_top=&#8221;yes&#8221; remove_margin_bottom=&#8221;yes&#8221; remove_padding_top=&#8221;yes&#8221; remove_padding_bottom=&#8221;yes&#8221; remove_border=&#8221;yes&#8221;][vc_empty_space][vc_custom_heading text=&#8221;Pol\u00edtica de Calidad&#8221; font_container=&#8221;tag:h2|text_align:left|color:%23ffffff&#8221; use_theme_fonts=&#8221;yes&#8221;][vc_column_text]<\/p>\n<p style=\"text-align: justify;\"><span style=\"color: #ffffff;\">Valor Ambiental \u00ae es una empresa prestadora de servicios de Elaboraci\u00f3n y tramitaci\u00f3n de Permisos Ambientales Sectoriales, que busca superar las expectativas de los clientes, entregando un servicio de excelencia en el \u00e1rea de gesti\u00f3n ambiental, bajo el cumplimiento de los requisitos y est\u00e1ndares de un sistema de gesti\u00f3n de calidad basado en la norma ISO 9001: 2015 y el cumplimiento de los objetivos de calidad, mediante la estandarizaci\u00f3n de procesos y la mejora continua en un marco de desarrollo sustentable.<br \/>\nPara este fin nos comprometemos con los siguientes principios:<\/span><\/p>\n<p><span style=\"color: #ffffff;\">\u2022 Mejorar la gesti\u00f3n de Servicio al Cliente.<\/span><br \/>\n<span style=\"color: #ffffff;\">\u2022 Mejorar la Gesti\u00f3n de los Procesos Internos de realizaci\u00f3n del Servicio.<\/span><br \/>\n<span style=\"color: #ffffff;\">\u2022 Mantener o Incrementar el N\u00ba de Servicios.<\/span><br \/>\n<span style=\"color: #ffffff;\">\u2022 Lograr equipos de trabajos motivados y preparados para hacer frente a los nuevos desaf\u00edos en el marco de los valores de la Empresa<\/span>[\/vc_column_text][\/vc_column][\/vc_row]<\/p>\n","protected":false},"excerpt":{"rendered":"<p>[vc_row is_section=&#8221;yes&#8221; section_skin=&#8221;parallax&#8221; remove_margin_top=&#8221;yes&#8221; remove_margin_bottom=&#8221;yes&#8221; remove_border=&#8221;yes&#8221;][vc_column width=&#8221;5\/12&#8243; el_class=&#8221;order-md-2&#8243;][vc_single_image image=&#8221;3045&#8243; img_size=&#8221;full&#8221; animation_delay=&#8221;100&#8243; animation_type=&#8221;fadeInRight&#8221; el_class=&#8221;mb-4&#8243;][\/vc_column][vc_column width=&#8221;7\/12&#8243;][vc_column_text css_animation=&#8221;fadeInUp&#8221;] Socios en el cumplimiento de sus compromisos ambientales Trabajamos desde el a\u00f1o 2010 para dar respuesta r\u00e1pida y eficiente a la creciente demanda de servicios de gesti\u00f3n ambiental para empresas del Norte de Chile. Nos comprometemos con los desaf\u00edos que [&hellip;]<\/p>\n","protected":false},"author":1,"featured_media":0,"parent":0,"menu_order":0,"comment_status":"closed","ping_status":"closed","template":"","meta":[],"_links":{"self":[{"href":"https:\/\/valorambiental.cl\/nueva\/wp-json\/wp\/v2\/pages\/60"}],"collection":[{"href":"https:\/\/valorambiental.cl\/nueva\/wp-json\/wp\/v2\/pages"}],"about":[{"href":"https:\/\/valorambiental.cl\/nueva\/wp-json\/wp\/v2\/types\/page"}],"author":[{"embeddable":true,"href":"https:\/\/valorambiental.cl\/nueva\/wp-json\/wp\/v2\/users\/1"}],"replies":[{"embeddable":true,"href":"https:\/\/valorambiental.cl\/nueva\/wp-json\/wp\/v2\/comments?post=60"}],"version-history":[{"count":22,"href":"https:\/\/valorambiental.cl\/nueva\/wp-json\/wp\/v2\/pages\/60\/revisions"}],"predecessor-version":[{"id":3518,"href":"https:\/\/valorambiental.cl\/nueva\/wp-json\/wp\/v2\/pages\/60\/revisions\/3518"}],"wp:attachment":[{"href":"https:\/\/valorambiental.cl\/nueva\/wp-json\/wp\/v2\/media?parent=60"}],"curies":[{"name":"wp","href":"https:\/\/api.w.org\/{rel}","templated":true}]}}