{"id":143,"date":"2016-06-20T07:48:11","date_gmt":"2016-06-20T07:48:11","guid":{"rendered":"http:\/\/sw-themes.com\/porto_dummy\/?page_id=143"},"modified":"2025-09-16T21:20:19","modified_gmt":"2025-09-16T21:20:19","slug":"inicio","status":"publish","type":"page","link":"https:\/\/valorambiental.cl\/nueva\/","title":{"rendered":"Inicio"},"content":{"rendered":"<p>[vc_row][vc_column][vc_empty_space][\/vc_column][\/vc_row][vc_row equal_height=&#8221;yes&#8221; content_placement=&#8221;middle&#8221; css=&#8221;.vc_custom_1601088976695{padding-top: 60px !important;padding-right: 60px !important;padding-bottom: 60px !important;padding-left: 60px !important;}&#8221;][vc_column width=&#8221;2\/12&#8243;][\/vc_column][vc_column width=&#8221;5\/12&#8243;][vc_column_text]<\/p>\n<h3 style=\"text-align: justify;\"><span style=\"color: #3c3c3b;\">Somos una empresa Consultora en Servicios de Gesti\u00f3n Ambiental y Seguridad Industrial.<\/span><\/h3>\n<p>[\/vc_column_text][vc_btn title=&#8221;Conoce m\u00e1s&#8221; style=&#8221;outline&#8221; shape=&#8221;rounded&#8221; color=&#8221;white&#8221; size=&#8221;xs&#8221; skin=&#8221;primary&#8221; link=&#8221;url:https%3A%2F%2Fvalorambiental.cl%2Fnueva%2Fquienes-somos%2F|||&#8221;][\/vc_column][vc_column width=&#8221;3\/12&#8243;][vc_single_image image=&#8221;3214&#8243; img_size=&#8221;200&#215;160&#8243; alignment=&#8221;center&#8221;][\/vc_column][vc_column width=&#8221;2\/12&#8243;][\/vc_column][\/vc_row][vc_row equal_height=&#8221;yes&#8221; parallax=&#8221;content-moving&#8221; parallax_image=&#8221;3216&#8243; css=&#8221;.vc_custom_1601307595105{padding-top: 60px !important;padding-right: 60px !important;padding-bottom: 60px !important;padding-left: 60px !important;}&#8221;][vc_column width=&#8221;1\/6&#8243;][\/vc_column][vc_column width=&#8221;2\/3&#8243;][vc_column_text]<\/p>\n<h3 style=\"text-align: center;\"><span style=\"color: #dadada;\">Valor Ambiental es una consultora especializada en asesor\u00edas de gesti\u00f3n ambiental desde el a\u00f1o 2010, asesorando a empresas del centro norte de Chile que requieren cumplir con sus obligaciones ambientales, de acuerdo, a las Normativas vigentes.<\/span><\/h3>\n<p>[\/vc_column_text][vc_btn title=&#8221;VER SERVICIOS&#8221; style=&#8221;outline&#8221; shape=&#8221;rounded&#8221; color=&#8221;white&#8221; align=&#8221;center&#8221; link=&#8221;url:https%3A%2F%2Fvalorambiental.cl%2Fnueva%2Fservicios%2F|||&#8221;][\/vc_column][vc_column width=&#8221;1\/6&#8243;][\/vc_column][\/vc_row][vc_row][vc_column width=&#8221;1\/12&#8243;][\/vc_column][vc_column width=&#8221;10\/12&#8243;][vc_empty_space height=&#8221;62px&#8221;]<div class=\"porto-carousel owl-carousel has-ccols ccols-xl-6 ccols-lg-6 ccols-md-3 ccols-sm-2 ccols-1 stage-margin\" data-plugin-options=\"{&quot;stagePadding&quot;:40,&quot;margin&quot;:30,&quot;autoplay&quot;:&quot;yes&quot;,&quot;autoplayTimeout&quot;:3000,&quot;autoplayHoverPause&quot;:&quot;true&quot;,&quot;items&quot;:6,&quot;lg&quot;:6,&quot;md&quot;:3,&quot;sm&quot;:2,&quot;xs&quot;:1,&quot;nav&quot;:&quot;yes&quot;,&quot;dots&quot;:false,&quot;animateIn&quot;:&quot;fadeIn&quot;,&quot;animateOut&quot;:&quot;flash&quot;,&quot;loop&quot;:&quot;yes&quot;,&quot;center&quot;:false,&quot;video&quot;:false,&quot;lazyLoad&quot;:false,&quot;fullscreen&quot;:false}\"><div class=\"porto-image-frame \"><img alt=\"\" src=\"\/\/valorambiental.cl\/nueva\/wp-content\/uploads\/2020\/09\/clientes_Mesa-de-trabajo-1.png\" class=\"img-responsive img-rounded\" width=\"t\" height=\"t\"><\/div><div class=\"porto-image-frame \"><img alt=\"\" src=\"\/\/valorambiental.cl\/nueva\/wp-content\/uploads\/2020\/09\/clientes_Mesa-de-trabajo-1-copia.png\" class=\"img-responsive img-rounded\" width=\"t\" height=\"t\"><\/div><div class=\"porto-image-frame \"><img alt=\"\" src=\"\/\/valorambiental.cl\/nueva\/wp-content\/uploads\/2020\/09\/clientes_Mesa-de-trabajo-1-copia-4.png\" class=\"img-responsive img-rounded\" width=\"t\" height=\"t\"><\/div><div class=\"porto-image-frame \"><img alt=\"\" src=\"\/\/valorambiental.cl\/nueva\/wp-content\/uploads\/2020\/09\/clientes_Mesa-de-trabajo-1-copia-2.png\" class=\"img-responsive img-rounded\" width=\"t\" height=\"t\"><\/div><div class=\"porto-image-frame \"><img alt=\"\" src=\"\/\/valorambiental.cl\/nueva\/wp-content\/uploads\/2020\/12\/logo_Mesa-de-trabajo-1-copia-2.png\" class=\"img-responsive img-rounded\" width=\"t\" height=\"t\"><\/div><div class=\"porto-image-frame \"><img alt=\"\" src=\"\/\/valorambiental.cl\/nueva\/wp-content\/uploads\/2021\/01\/teck.jpg\" class=\"img-responsive img-rounded\" width=\"t\" height=\"t\"><\/div><div class=\"porto-image-frame \"><img alt=\"\" src=\"\/\/valorambiental.cl\/nueva\/wp-content\/uploads\/2020\/09\/clientes_Mesa-de-trabajo-1-copia-3.png\" class=\"img-responsive img-rounded\" width=\"t\" height=\"t\"><\/div><div class=\"porto-image-frame \"><img alt=\"\" src=\"\/\/valorambiental.cl\/nueva\/wp-content\/uploads\/2020\/12\/logo_Mesa-de-trabajo-1-copia-3.png\" class=\"img-responsive img-rounded\" width=\"t\" height=\"t\"><\/div><div class=\"porto-image-frame \"><img alt=\"\" src=\"\/\/valorambiental.cl\/nueva\/wp-content\/uploads\/2020\/12\/logo_Mesa-de-trabajo-1-copia.png\" class=\"img-responsive img-rounded\" width=\"t\" height=\"t\"><\/div><div class=\"porto-image-frame \"><img alt=\"\" src=\"\/\/valorambiental.cl\/nueva\/wp-content\/uploads\/2020\/12\/logo_Mesa-de-trabajo-1.png\" class=\"img-responsive img-rounded\" width=\"t\" height=\"t\"><\/div><div class=\"porto-image-frame \"><img alt=\"Deva Grupo SanJose\" src=\"\/\/valorambiental.cl\/nueva\/wp-content\/uploads\/2021\/07\/DevaGSJose.jpg\" class=\"img-responsive img-rounded\" width=\"t\" height=\"t\"><\/div><\/div>[\/vc_column][vc_column width=&#8221;1\/12&#8243;][\/vc_column][\/vc_row][vc_row content_placement=&#8221;middle&#8221; css=&#8221;.vc_custom_1605105836505{padding-top: 30px !important;padding-bottom: 30px !important;background-color: #f2f2f2 !important;}&#8221;][vc_column width=&#8221;1\/12&#8243;][\/vc_column][vc_column width=&#8221;1\/12&#8243;][\/vc_column][\/vc_row][vc_row css=&#8221;.vc_custom_1605105823167{padding-top: 60px !important;}&#8221;][vc_column width=&#8221;1\/12&#8243;][\/vc_column][vc_column width=&#8221;3\/12&#8243;][vc_single_image image=&#8221;3520&#8243; alignment=&#8221;center&#8221; style=&#8221;vc_box_shadow_circle_2&#8243;][\/vc_column][vc_column width=&#8221;6\/12&#8243;]<div class=\"porto-sicon-box style_1 default-icon flex-wrap\"><div class=\"porto-sicon-description\" style=\"\">\n<p style=\"text-align: left;\">Nuestra empres posee un sistema de calidad certificado bajo la norma<strong> ISO 9001:2015 NCH9001:2015<\/strong> para nuestros servicios de <strong>&#8220;Elaboraci\u00f3n y tramitaci\u00f3n de permisos sectoriales&#8221;<\/strong> valido hasta el 16 de Agosto del 2028<\/p>\n<p><\/div> <!-- description --><\/div><!-- porto-sicon-box -->[\/vc_column][vc_column width=&#8221;1\/12&#8243;][\/vc_column][\/vc_row]<\/p>\n","protected":false},"excerpt":{"rendered":"<p>[vc_row][vc_column][vc_empty_space][\/vc_column][\/vc_row][vc_row equal_height=&#8221;yes&#8221; content_placement=&#8221;middle&#8221; css=&#8221;.vc_custom_1601088976695{padding-top: 60px !important;padding-right: 60px !important;padding-bottom: 60px !important;padding-left: 60px !important;}&#8221;][vc_column width=&#8221;2\/12&#8243;][\/vc_column][vc_column width=&#8221;5\/12&#8243;][vc_column_text] Somos una empresa Consultora en Servicios de Gesti\u00f3n Ambiental y Seguridad Industrial. [\/vc_column_text][vc_btn title=&#8221;Conoce m\u00e1s&#8221; style=&#8221;outline&#8221; shape=&#8221;rounded&#8221; color=&#8221;white&#8221; size=&#8221;xs&#8221; skin=&#8221;primary&#8221; link=&#8221;url:https%3A%2F%2Fvalorambiental.cl%2Fnueva%2Fquienes-somos%2F|||&#8221;][\/vc_column][vc_column width=&#8221;3\/12&#8243;][vc_single_image image=&#8221;3214&#8243; img_size=&#8221;200&#215;160&#8243; alignment=&#8221;center&#8221;][\/vc_column][vc_column width=&#8221;2\/12&#8243;][\/vc_column][\/vc_row][vc_row equal_height=&#8221;yes&#8221; parallax=&#8221;content-moving&#8221; parallax_image=&#8221;3216&#8243; css=&#8221;.vc_custom_1601307595105{padding-top: 60px !important;padding-right: 60px !important;padding-bottom: 60px !important;padding-left: 60px !important;}&#8221;][vc_column width=&#8221;1\/6&#8243;][\/vc_column][vc_column width=&#8221;2\/3&#8243;][vc_column_text] Valor [&hellip;]<\/p>\n","protected":false},"author":1,"featured_media":0,"parent":0,"menu_order":0,"comment_status":"closed","ping_status":"closed","template":"","meta":[],"_links":{"self":[{"href":"https:\/\/valorambiental.cl\/nueva\/wp-json\/wp\/v2\/pages\/143"}],"collection":[{"href":"https:\/\/valorambiental.cl\/nueva\/wp-json\/wp\/v2\/pages"}],"about":[{"href":"https:\/\/valorambiental.cl\/nueva\/wp-json\/wp\/v2\/types\/page"}],"author":[{"embeddable":true,"href":"https:\/\/valorambiental.cl\/nueva\/wp-json\/wp\/v2\/users\/1"}],"replies":[{"embeddable":true,"href":"https:\/\/valorambiental.cl\/nueva\/wp-json\/wp\/v2\/comments?post=143"}],"version-history":[{"count":30,"href":"https:\/\/valorambiental.cl\/nueva\/wp-json\/wp\/v2\/pages\/143\/revisions"}],"predecessor-version":[{"id":3523,"href":"https:\/\/valorambiental.cl\/nueva\/wp-json\/wp\/v2\/pages\/143\/revisions\/3523"}],"wp:attachment":[{"href":"https:\/\/valorambiental.cl\/nueva\/wp-json\/wp\/v2\/media?parent=143"}],"curies":[{"name":"wp","href":"https:\/\/api.w.org\/{rel}","templated":true}]}}